{"id":3,"date":"2021-04-27T09:24:26","date_gmt":"2021-04-27T09:24:26","guid":{"rendered":"http:\/\/rainergrytt.com\/?page_id=3"},"modified":"2021-05-22T11:19:20","modified_gmt":"2021-05-22T11:19:20","slug":"privacy-policy","status":"publish","type":"page","link":"https:\/\/rainergrytt.com\/en\/privacy-policy","title":{"rendered":"Contact \/ Impressum"},"content":{"rendered":"<div data-elementor-type=\"wp-page\" data-elementor-id=\"3\" class=\"elementor elementor-3\">\n\t\t\t\t\t\t<section class=\"elementor-section elementor-top-section elementor-element elementor-element-6872244 elementor-section-full_width elementor-section-height-default elementor-section-height-default\" data-id=\"6872244\" data-element_type=\"section\" data-e-type=\"section\">\n\t\t\t\t\t\t<div class=\"elementor-container elementor-column-gap-default\">\n\t\t\t\t\t<div class=\"elementor-column elementor-col-100 elementor-top-column elementor-element elementor-element-2bf9895\" data-id=\"2bf9895\" data-element_type=\"column\" data-e-type=\"column\">\n\t\t\t<div class=\"elementor-widget-wrap elementor-element-populated\">\n\t\t\t\t\t\t<div class=\"elementor-element elementor-element-d1036d6 elementor-widget elementor-widget-image\" data-id=\"d1036d6\" data-element_type=\"widget\" data-e-type=\"widget\" data-widget_type=\"image.default\">\n\t\t\t\t<div class=\"elementor-widget-container\">\n\t\t\t\t\t\t\t\t\t\t\t\t\t\t\t<img decoding=\"async\" src=\"https:\/\/rainergrytt.com\/wp-content\/uploads\/2021\/05\/Unbenannt-1.png\" title=\"Unbenannt-1\" alt=\"Unbenannt-1\" loading=\"lazy\" \/>\t\t\t\t\t\t\t\t\t\t\t\t\t\t\t<\/div>\n\t\t\t\t<\/div>\n\t\t\t\t\t<\/div>\n\t\t<\/div>\n\t\t\t\t\t<\/div>\n\t\t<\/section>\n\t\t\t\t<section class=\"elementor-section elementor-top-section elementor-element elementor-element-61f87b8 elementor-section-boxed elementor-section-height-default elementor-section-height-default\" data-id=\"61f87b8\" data-element_type=\"section\" data-e-type=\"section\">\n\t\t\t\t\t\t<div class=\"elementor-container elementor-column-gap-default\">\n\t\t\t\t\t<div class=\"elementor-column elementor-col-100 elementor-top-column elementor-element elementor-element-93f524e\" data-id=\"93f524e\" data-element_type=\"column\" data-e-type=\"column\">\n\t\t\t<div class=\"elementor-widget-wrap elementor-element-populated\">\n\t\t\t\t\t\t<div class=\"elementor-element elementor-element-39ecde8 elementor-widget elementor-widget-text-editor\" data-id=\"39ecde8\" data-element_type=\"widget\" data-e-type=\"widget\" data-widget_type=\"text-editor.default\">\n\t\t\t\t<div class=\"elementor-widget-container\">\n\t\t\t\t\t\t\t\t\t<section class=\"elementor-section elementor-top-section elementor-element elementor-element-ea7a7f2 elementor-section-boxed elementor-section-height-default elementor-section-height-default\" data-id=\"ea7a7f2\" data-element_type=\"section\"><div class=\"elementor-container elementor-column-gap-default\"><div class=\"elementor-column elementor-col-100 elementor-top-column elementor-element elementor-element-5eecfa1\" data-id=\"5eecfa1\" data-element_type=\"column\"><div class=\"elementor-widget-wrap elementor-element-populated\"><div class=\"elementor-element elementor-element-6d7db01 elementor-widget elementor-widget-heading\" data-id=\"6d7db01\" data-element_type=\"widget\" data-widget_type=\"heading.default\"><div class=\"elementor-widget-container\"><h2 class=\"elementor-heading-title elementor-size-default\">Contact \/ Impressum\u00a0<\/h2><\/div><\/div><\/div><\/div><\/div><\/section><section class=\"elementor-section elementor-top-section elementor-element elementor-element-ff03372 elementor-section-boxed elementor-section-height-default elementor-section-height-default\" data-id=\"ff03372\" data-element_type=\"section\"><div class=\"elementor-container elementor-column-gap-default\"><div class=\"elementor-column elementor-col-50 elementor-top-column elementor-element elementor-element-46c1ca0\" data-id=\"46c1ca0\" data-element_type=\"column\"><div class=\"elementor-widget-wrap elementor-element-populated\"><div class=\"elementor-element elementor-element-ba4c789 elementor-widget elementor-widget-text-editor\" data-id=\"ba4c789\" data-element_type=\"widget\" data-widget_type=\"text-editor.default\"><div class=\"elementor-widget-container\"><h2>Rainer Grytt<\/h2><h4>Am Eichenkamp 7<br \/>27239 Twistringen\u00a0<\/h4><h4>rgrytt@t-online.de<\/h4><\/div><\/div><\/div><\/div><\/div><\/section>\t\t\t\t\t\t\t\t<\/div>\n\t\t\t\t<\/div>\n\t\t\t\t\t<\/div>\n\t\t<\/div>\n\t\t\t\t\t<\/div>\n\t\t<\/section>\n\t\t\t\t<section class=\"elementor-section elementor-top-section elementor-element elementor-element-4d97101 elementor-section-boxed elementor-section-height-default elementor-section-height-default\" data-id=\"4d97101\" data-element_type=\"section\" data-e-type=\"section\">\n\t\t\t\t\t\t<div class=\"elementor-container elementor-column-gap-default\">\n\t\t\t\t\t<div class=\"elementor-column elementor-col-100 elementor-top-column elementor-element elementor-element-213ed68\" data-id=\"213ed68\" data-element_type=\"column\" data-e-type=\"column\">\n\t\t\t<div class=\"elementor-widget-wrap elementor-element-populated\">\n\t\t\t\t\t\t<div class=\"elementor-element elementor-element-b70cb9b elementor-widget elementor-widget-text-editor\" data-id=\"b70cb9b\" data-element_type=\"widget\" data-e-type=\"widget\" data-widget_type=\"text-editor.default\">\n\t\t\t\t<div class=\"elementor-widget-container\">\n\t\t\t\t\t\t\t\t\t<p><strong>Privacy policy<\/strong><\/p>\n<p><strong>\u00a0<\/strong><\/p>\n<p><strong>We process your personal data only for the purposes set out in this Privacy Policy. Your personal data will not be transferred to third parties for purposes other than those mentioned. We adhere to the principles of data avoidance and data economy. We therefore only store your personal data for as long as is necessary to achieve the purposes stated herein or as provided for by the various storage periods provided for by the legislator. After the respective purpose has ceased to exist or these periods have expired, the corresponding data is routinely blocked or deleted in accordance with the statutory provisions.<\/strong><\/p>\n<p><strong>We process your personal data only for the purposes set out in thisPrivacy Policy. Your personal data will not be transferred to thirdparties for purposes other than those mentioned. We adhere to theprinciples of data avoidance and data economy. We therefore onlystore your personal data for as long as is necessary to achieve thepurposes stated herein or as provided for by the various storageperiods provided for by the legislator. After the expiry of the respectivepurpose or expiry of these deadlines, the corresponding data will beblocked or deleted routinely and in accordance with the statutoryprovisions.Your rights<\/strong><\/p>\n<p><strong>Your Rights<\/strong><\/p>\n<p><strong>You can exercise the following rights at any time using the contact details provided (see imprint above) :<\/strong><\/p>\n<ul>\n<li><strong>information about your data stored by us and their processing,<\/strong><\/li>\n<li><strong>correction of inaccurate personal data;<\/strong><\/li>\n<li><strong>Deletion of your data stored by us,<\/strong><\/li>\n<li><strong>Restriction of data processing, if we are not yet allowed to delete your data due to legal obligations,<\/strong><\/li>\n<li><strong>Objection to the processing of your data with us and<\/strong><\/li>\n<li><strong>Data portability, if you have consented to the data processing or have concluded a contract with us.<\/strong><\/li>\n<\/ul>\n<p><strong>\u00a0<\/strong><\/p>\n<p><strong>When you access our website<\/strong><\/p>\n<p><strong>When you access our website, information of a general nature is automatically collected. This information (server log files) includes, for example, the type of web browser, the operating system used, the domain name of your Internet service provider, and similar. This is exclusively information that does not allow conclusions to be drawn about your person.<\/strong><\/p>\n<p><strong>This information is technically necessary in order to correctly deliver the contents of web pages requested by you and is compulsory when using the Internet. In particular, it is processed for the following purposes:<\/strong><\/p>\n<ul>\n<li><strong>Ensuring that the website is easily connection ,<\/strong><\/li>\n<li><strong>nsuring the smooth use of our website,<\/strong><\/li>\n<li><strong>Evaluation of system security and stability as well as<\/strong><\/li>\n<li><strong>responsible body and, if applicable, processors.<\/strong><\/li>\n<\/ul>\n<p><strong>The processing of your personal data is based on our legitimate interest from the aforementioned data collection purposes. We do not use your data to draw conclusions about your person. The recipients of the data are only the responsible body and, if applicable, processors.<\/strong><\/p>\n<p><strong>Anonymous information of this kind may be statistically analysed by us in order to optimise our website and the technology behind it.)<\/strong><\/p>\n<p><strong>External links<\/strong><\/p>\n<p><strong>The \"Videos\" link in the Media menu refers to www.youtube.com. The operator is YouTube, LLC, 901 Cherry Ave., San Bruno, CA 94066, USA. Data collection by Youtube can only be achieved by clicking on it.<\/strong><\/p>\n<p><strong>The data protection declaration was prepared with the help of the\u00a0<\/strong><a href=\"https:\/\/www.activemind.de\/datenschutz\/datenschutzhinweis-generator\/\"><strong>data protection declaration generator of activeMind AG. Datenschutzerkl\u00e4rungs-Generators der activeMind AG erstellt.<\/strong><\/a><strong>.<\/strong><\/p>\n<p><strong>\u00a0<\/strong><\/p>\t\t\t\t\t\t\t\t<\/div>\n\t\t\t\t<\/div>\n\t\t\t\t\t<\/div>\n\t\t<\/div>\n\t\t\t\t\t<\/div>\n\t\t<\/section>\n\t\t\t\t<section class=\"elementor-section elementor-top-section elementor-element elementor-element-0fffd54 elementor-section-height-min-height elementor-section-boxed elementor-section-height-default elementor-section-items-middle\" data-id=\"0fffd54\" data-element_type=\"section\" data-e-type=\"section\">\n\t\t\t\t\t\t<div class=\"elementor-container elementor-column-gap-default\">\n\t\t\t\t\t<div class=\"elementor-column elementor-col-100 elementor-top-column elementor-element elementor-element-5d8cd5d\" data-id=\"5d8cd5d\" data-element_type=\"column\" data-e-type=\"column\">\n\t\t\t<div class=\"elementor-widget-wrap elementor-element-populated\">\n\t\t\t\t\t\t<div class=\"elementor-element elementor-element-703ab04 elementor-widget elementor-widget-text-editor\" data-id=\"703ab04\" data-element_type=\"widget\" data-e-type=\"widget\" data-widget_type=\"text-editor.default\">\n\t\t\t\t<div class=\"elementor-widget-container\">\n\t\t\t\t\t\t\t\t\t<p><strong>Publication of personal portraits<\/strong><\/p><h3><strong>Consent to the publication of personal portraits.\u00a0 \u00a0 \u00a0 \u00a0 \u00a0 \u00a0 \u00a0 \u00a0 \u00a0 \u00a0 \u00a0 \u00a0 \u00a0 \u00a0 \u00a0 \u00a0 \u00a0 \u00a0 \u00a0 \u00a0 \u00a0 \u00a0<\/strong><\/h3><h3><strong>With every announcement about an event of the Yoshinkan-International e.V.<\/strong><\/h3><h4><strong>whether national or international, - you agree that photos and videos of yourself at sporting events and for the presentation of group photos may be taken and published in the following media:<\/strong><\/h4><h4><strong>Homepage\u00a0<\/strong><a href=\"http:\/\/www.yoshinkan-international.com\/\"><strong>www.Yoshinkan-International.com<\/strong><\/a><strong>omepage of a nationally or internationally affiliated association of the Yoshinkan-International e.V. and their affiliated clubs \/ schools as well as their homepages such as:\u00a0<\/strong><a href=\"http:\/\/www.budowochenende.de\/\"><strong>www.Budowochenende.de<\/strong><\/a><strong>\u00a0or others.<\/strong><\/h4><h4><strong>Facebook (or others) of the Yoshinkan-International.com, a nationally or internationally affiliated association of the Yoshinkan-International e.V. or their clubs for Example:\u00a0<\/strong><a href=\"http:\/\/www.budowochenende.de\/\"><strong>www.Budowochenende.de<\/strong><\/a><strong>\u00a0regional press products national press products<\/strong><\/h4><h4><strong>Consent may be revoked with effect for the future. The revocation of consent must be made in text form (letter or e-mail) and will result in admission to an event being refused or restricted (places where filming or photography is not permitted).A complete deletion of the published photos and video recordings on the internet cannot be ensured by us, for Example other internet sites might have copied or changed the photos and videos. The Yoshinkan-International (with all its sub-pages as homepage or Facebook pages) cannot be held liable for the type and form of use by third parties, such as the downloading of photos and videos and their subsequent use and modification. It is pointed out to all that despite a revocation, photos and videos of person in the context of participation in public events may be taken and published in the context of public relations. In the case of minors who have reached the age of 14, the consent of the legal representative(s) is required in addition to the consent of the minor. When registering for an event of the Yoshinkan-International and its sub-sites, those responsible for the written registration must ensure that the declaration of consent for the publication of personal pictures and video recordings has been taken note of and that the minor and legal guardian agree to the publication. A revocation is to be sent to: Office Yoshinkan-International e.V., Am Eichenkamp 7 27239 Twistringen.\u00a0<\/strong><\/h4>\t\t\t\t\t\t\t\t<\/div>\n\t\t\t\t<\/div>\n\t\t\t\t\t<\/div>\n\t\t<\/div>\n\t\t\t\t\t<\/div>\n\t\t<\/section>\n\t\t\t\t<\/div>","protected":false},"excerpt":{"rendered":"<p>Kontakt \/ Impressum\u00a0 Rainer Grytt Am Eichenkamp 727239 Twistringen\u00a0 rgrytt@t-online.de Datenschutzerkl\u00e4rung \u00a0 Verantwortliche Stelle im Sinne der Datenschutzgesetze, insbesondere der EU-Daten\u00adschutzgrundverordnung (DSGVO): \u201eRainer Grytt\u201c siehe obenstehendes Impressum. Wir verarbeiten Ihre personenbezogenen Daten nur zu den in dieser Datenschutzerkl\u00e4rung genannten Zwecken. Eine \u00dcbermittlung Ihrer pers\u00f6nlichen Daten an Dritte zu anderen als den genannten Zwecken findet nicht [&hellip;]<\/p>\n","protected":false},"author":1,"featured_media":0,"parent":0,"menu_order":0,"comment_status":"closed","ping_status":"closed","template":"","meta":{"ocean_post_layout":"full-screen","ocean_both_sidebars_style":"","ocean_both_sidebars_content_width":0,"ocean_both_sidebars_sidebars_width":0,"ocean_sidebar":"0","ocean_second_sidebar":"0","ocean_disable_margins":"enable","ocean_add_body_class":"","ocean_shortcode_before_top_bar":"","ocean_shortcode_after_top_bar":"","ocean_shortcode_before_header":"","ocean_shortcode_after_header":"","ocean_has_shortcode":"","ocean_shortcode_after_title":"","ocean_shortcode_before_footer_widgets":"","ocean_shortcode_after_footer_widgets":"","ocean_shortcode_before_footer_bottom":"","ocean_shortcode_after_footer_bottom":"","ocean_display_top_bar":"off","ocean_display_header":"default","ocean_header_style":"","ocean_center_header_left_menu":"0","ocean_custom_header_template":"0","ocean_custom_logo":0,"ocean_custom_retina_logo":0,"ocean_custom_logo_max_width":0,"ocean_custom_logo_tablet_max_width":0,"ocean_custom_logo_mobile_max_width":0,"ocean_custom_logo_max_height":0,"ocean_custom_logo_tablet_max_height":0,"ocean_custom_logo_mobile_max_height":0,"ocean_header_custom_menu":"0","ocean_menu_typo_font_family":"0","ocean_menu_typo_font_subset":"","ocean_menu_typo_font_size":0,"ocean_menu_typo_font_size_tablet":0,"ocean_menu_typo_font_size_mobile":0,"ocean_menu_typo_font_size_unit":"px","ocean_menu_typo_font_weight":"","ocean_menu_typo_font_weight_tablet":"","ocean_menu_typo_font_weight_mobile":"","ocean_menu_typo_transform":"","ocean_menu_typo_transform_tablet":"","ocean_menu_typo_transform_mobile":"","ocean_menu_typo_line_height":0,"ocean_menu_typo_line_height_tablet":0,"ocean_menu_typo_line_height_mobile":0,"ocean_menu_typo_line_height_unit":"","ocean_menu_typo_spacing":0,"ocean_menu_typo_spacing_tablet":0,"ocean_menu_typo_spacing_mobile":0,"ocean_menu_typo_spacing_unit":"","ocean_menu_link_color":"","ocean_menu_link_color_hover":"","ocean_menu_link_color_active":"","ocean_menu_link_background":"","ocean_menu_link_hover_background":"","ocean_menu_link_active_background":"","ocean_menu_social_links_bg":"","ocean_menu_social_hover_links_bg":"","ocean_menu_social_links_color":"","ocean_menu_social_hover_links_color":"","ocean_disable_title":"on","ocean_disable_heading":"default","ocean_post_title":"","ocean_post_subheading":"","ocean_post_title_style":"","ocean_post_title_background_color":"","ocean_post_title_background":0,"ocean_post_title_bg_image_position":"","ocean_post_title_bg_image_attachment":"","ocean_post_title_bg_image_repeat":"","ocean_post_title_bg_image_size":"","ocean_post_title_height":0,"ocean_post_title_bg_overlay":0.5,"ocean_post_title_bg_overlay_color":"","ocean_disable_breadcrumbs":"default","ocean_breadcrumbs_color":"","ocean_breadcrumbs_separator_color":"","ocean_breadcrumbs_links_color":"","ocean_breadcrumbs_links_hover_color":"","ocean_display_footer_widgets":"off","ocean_display_footer_bottom":"off","ocean_custom_footer_template":"0","footnotes":""},"class_list":["post-3","page","type-page","status-publish","hentry","entry"],"_links":{"self":[{"href":"https:\/\/rainergrytt.com\/en\/wp-json\/wp\/v2\/pages\/3","targetHints":{"allow":["GET"]}}],"collection":[{"href":"https:\/\/rainergrytt.com\/en\/wp-json\/wp\/v2\/pages"}],"about":[{"href":"https:\/\/rainergrytt.com\/en\/wp-json\/wp\/v2\/types\/page"}],"author":[{"embeddable":true,"href":"https:\/\/rainergrytt.com\/en\/wp-json\/wp\/v2\/users\/1"}],"replies":[{"embeddable":true,"href":"https:\/\/rainergrytt.com\/en\/wp-json\/wp\/v2\/comments?post=3"}],"version-history":[{"count":49,"href":"https:\/\/rainergrytt.com\/en\/wp-json\/wp\/v2\/pages\/3\/revisions"}],"predecessor-version":[{"id":2443,"href":"https:\/\/rainergrytt.com\/en\/wp-json\/wp\/v2\/pages\/3\/revisions\/2443"}],"wp:attachment":[{"href":"https:\/\/rainergrytt.com\/en\/wp-json\/wp\/v2\/media?parent=3"}],"curies":[{"name":"wp","href":"https:\/\/api.w.org\/{rel}","templated":true}]}}