{"id":2976,"date":"2025-03-22T21:10:42","date_gmt":"2025-03-22T21:10:42","guid":{"rendered":"https:\/\/rainergrytt.com\/?page_id=2976"},"modified":"2025-03-24T10:42:43","modified_gmt":"2025-03-24T10:42:43","slug":"dao-derweg","status":"publish","type":"page","link":"https:\/\/rainergrytt.com\/en\/dao-derweg","title":{"rendered":"DAO - the Way"},"content":{"rendered":"<div data-elementor-type=\"wp-page\" data-elementor-id=\"2976\" class=\"elementor elementor-2976\">\n\t\t\t\t\t\t<section class=\"elementor-section elementor-top-section elementor-element elementor-element-ce5c853 elementor-section-boxed elementor-section-height-default elementor-section-height-default\" data-id=\"ce5c853\" data-element_type=\"section\" data-e-type=\"section\">\n\t\t\t\t\t\t<div class=\"elementor-container elementor-column-gap-default\">\n\t\t\t\t\t<div class=\"elementor-column elementor-col-100 elementor-top-column elementor-element elementor-element-05eb2ac\" data-id=\"05eb2ac\" data-element_type=\"column\" data-e-type=\"column\">\n\t\t\t<div class=\"elementor-widget-wrap elementor-element-populated\">\n\t\t\t\t\t\t<div class=\"elementor-element elementor-element-0994085 elementor-widget elementor-widget-heading\" data-id=\"0994085\" data-element_type=\"widget\" data-e-type=\"widget\" data-widget_type=\"heading.default\">\n\t\t\t\t<div class=\"elementor-widget-container\">\n\t\t\t\t\t<h2 class=\"elementor-heading-title elementor-size-default\">D A O - the Way<\/h2>\t\t\t\t<\/div>\n\t\t\t\t<\/div>\n\t\t\t\t<div class=\"elementor-element elementor-element-e6aa653 elementor-widget elementor-widget-image\" data-id=\"e6aa653\" data-element_type=\"widget\" data-e-type=\"widget\" data-widget_type=\"image.default\">\n\t\t\t\t<div class=\"elementor-widget-container\">\n\t\t\t\t\t\t\t\t\t\t\t\t\t\t\t<img fetchpriority=\"high\" decoding=\"async\" width=\"768\" height=\"175\" src=\"https:\/\/rainergrytt.com\/wp-content\/uploads\/2025\/03\/Rainer_Grytt_DAO-768x175.jpg\" class=\"attachment-medium_large size-medium_large wp-image-2985\" alt=\"\" srcset=\"https:\/\/rainergrytt.com\/wp-content\/uploads\/2025\/03\/Rainer_Grytt_DAO-768x175.jpg 768w, https:\/\/rainergrytt.com\/wp-content\/uploads\/2025\/03\/Rainer_Grytt_DAO-300x68.jpg 300w, https:\/\/rainergrytt.com\/wp-content\/uploads\/2025\/03\/Rainer_Grytt_DAO-1024x233.jpg 1024w, https:\/\/rainergrytt.com\/wp-content\/uploads\/2025\/03\/Rainer_Grytt_DAO-18x4.jpg 18w, https:\/\/rainergrytt.com\/wp-content\/uploads\/2025\/03\/Rainer_Grytt_DAO.jpg 1111w\" sizes=\"(max-width: 768px) 100vw, 768px\" \/>\t\t\t\t\t\t\t\t\t\t\t\t\t\t\t<\/div>\n\t\t\t\t<\/div>\n\t\t\t\t\t<\/div>\n\t\t<\/div>\n\t\t\t\t\t<\/div>\n\t\t<\/section>\n\t\t\t\t<section class=\"elementor-section elementor-top-section elementor-element elementor-element-dd13a1a elementor-section-full_width elementor-section-height-default elementor-section-height-default\" data-id=\"dd13a1a\" data-element_type=\"section\" data-e-type=\"section\">\n\t\t\t\t\t\t<div class=\"elementor-container elementor-column-gap-default\">\n\t\t\t\t\t<div class=\"elementor-column elementor-col-100 elementor-top-column elementor-element elementor-element-92a045e\" data-id=\"92a045e\" data-element_type=\"column\" data-e-type=\"column\">\n\t\t\t<div class=\"elementor-widget-wrap elementor-element-populated\">\n\t\t\t\t\t\t<div class=\"elementor-element elementor-element-63fe9fe elementor-widget elementor-widget-text-editor\" data-id=\"63fe9fe\" data-element_type=\"widget\" data-e-type=\"widget\" data-widget_type=\"text-editor.default\">\n\t\t\t\t<div class=\"elementor-widget-container\">\n\t\t\t\t\t\t\t\t\t<p>Japanische Kampfk\u00fcnste faszinieren Menschen auf der ganzen Welt.<br \/>Japanese martial arts fascinate people around the world.\nJiu-Jitsu Grandmaster Rainer Grytt, Karate Grandmaster Horst Baumg\u00fcrtel, Kobudo Grandmaster Toshihisa Sofue and Grandmaster Masahiko Futawatari demonstrate their martial arts at the highest level. They explain the philosophy, values, and ideals that underpin their practice.\nThe Budo Shin Dojo is pleased to announce a fascinating documentary feature that sheds light on the art of Jiu-Jitsu and Kobudo in Twistringen, Germany and Tokyo, Japan! This film shows the techniques and philosophies behind these impressive martial arts, as well as how they are taught and practiced in schools, kindergartens and clubs in Twistringen and in traditional Dojos in Tokyo.\nJoin us on this exciting journey that highlights the cultural connections and the positive effects of Jiu-Jitsu and Kobudo on children, young people and adults. The film offers insights into the training methods, community and values conveyed through these martial arts. Experience the power and spirit of Jiu-Jitsu, Kobudo, and Karate. The documentary was written, produced and directed Tim Gruenewald and Ludwig Schmidtpeter.\nTheir documentary film Sacred Ground (2015) was shown in competition at film festivals in the United States and won the Independent Spirit Award at the Idyllwild Festival of International Cinema.\nTheir documentary film Dao \u2013 The Way will be released in 2025.\nDr. Tim Gruenewald\nAssociate Professor of Global and Area Studies\nDirector of BA in Global Creative Industries\nThe University of Hong Kong\nBiography\nTim Gruenewald is the author of Curating America\u2019s Painful Past: Memory, Museums, and the National Imagination (2021, Kansas UP) and the co-editor of Imperial Benevolence: U.S. Foreign Policy and American Popular Culture (2018,\nUniversity of California Press). His articles on public history in the United States and on narrative Virtual Reality have appeared in Communication, Culture, and Critique, Cultural Studies, Journal of American Culture, and elsewhere. His research on the National Mall and on VR film was funded by the HK Research Grants Council. He received research awards from the National Council on Public History (USA) and the Popular Culture Association (USA). His documentary film Sacred Ground (2015) won the Independent Spirit Award at the Idyllwild Festival of International Cinema and his feature documentary Dao \u2013 The Way will be released in 2025.\nAnd\nLudwig Schmidtpeter\nFreier K\u00fcnstler\nSaarb\u00fccken\n1996-2001 Studium at the Saar College of Fine Arts with Ulrike Rosenbach and Tamas Waliczky\nSelected Exhibitions\n2023 Jumbo Ree! Beitrag von lu-x &amp; DALL-E zur Mitgliederausstellung im Saarl\u00e4ndischen K\u00fcnstlerhaus, Saarbr\u00fccken 2022 zu Gast im Progr, Bern 2020 Letzte Lockerung, Mitgliederausstellung im Saarl\u00e4ndischen K\u00fcnstlerhaus, Saarbr\u00fccken 2019 Balconia Export, Installation im Rahmen von Transposition 2, Tufa, Trier 2019 Landpartie, Linoldrucke, Wiepersdorf Stipendiaten im Ministerium f\u00fcr Wissenschaft und Kultur, Potsdam 2018 minimax, Installation, K\u00fcnstlerhaus Schloss Wiepersdorf 2017 Dao Pop up Store, Fotografie, zusammen mit Henrike Kreck, Garelly Haus, Saarbr\u00fccken 2014 itrust.hk, Installation und Performance zusammen mit Tim Gr\u00fcnewald, Hong Kong Arts Walk<br \/>Das Budo-Shin-Dojo freut sich, einen faszinierenden ca. 90min\u00fctigen Dokumentarfilm anzuk\u00fcndigen, der die Kunst des Jiu-Jitsus und Kobudo in Twistringen und Japan beleuchtet! Dieser Film zeigt nicht nur die Techniken und Philosophien hinter diesen beeindruckenden Kampfk\u00fcnsten, sondern auch, wie sie in Schulen, Kinderg\u00e4rten und im Verein in Twistringen sowie in traditionellen Dojos in Tokio gelehrt und praktiziert werden. Begleiten Sie uns auf dieser spannenden Reise zwischen Deutschland und Japan, die die kulturellen Verbindungen und die positiven Auswirkungen von Jiu-Jitsu und Kobudo auf Kinder, Jugendliche und Erwachsene hervorhebt. Der Film bietet Einblicke in die Trainingsmethoden, die Gemeinschaft und die Werte, die durch diese Kampfk\u00fcnste vermittelt werden. Erleben Sie die Kraft und den Geist des Jiu-Jitsus, Kobudo und Karate.<br \/>Der Dokumentarfilm wurde geplant und produziert von Tim Gruenewald und Ludwig Schmidtpeter.<br \/>Ihr Dokumentarfilm Sacred Ground (2015) lief im Wettbewerb in Filmfestivals in den Vereinigten Staaten und gewann den Independent Spirit Award beim Idyllwild Festival of International Cinema.<br \/><br \/><\/p><p>Ihr Dokumentarfilm Dao \u2013 The Way wird 2025 ver\u00f6ffentlicht.<br \/><br \/><\/p><p>Dr. Tim Gruenewald<br \/>Associate Professor of Global and Area Studies<br \/>Director of BA in Global Creative Industries<br \/>The University of Hong Kong<br \/><br \/><\/p><p>Biographie<br \/>Tim Gruenewald ist Autor von Curating America\u2019s Painful Past: Memory, Museums, and the National Imagination (2021, Kansas UP) und Mitherausgeber von Imperial<br \/>Benevolence: U.S. Foreign Policy and American Popular Culture (2018, University of California Press). Seine Artikel \u00fcber Geschichte in den Vereinigten Staaten und \u00fcber narrative virtuelle Realit\u00e4t sind in Communication, Culture, and Critique, Cultural Studies, Journal of American Culture und anderswo erschienen. Seine Forschungen zur National Mall in Washington, DC und zu VR-Filmen wurden vom HK Research Grants Council gef\u00f6rdert. Er erhielt Forschungspreise vom National Council on Public History (USA) und der Popular Culture Association (USA).<br \/><br \/><\/p><p>Ludwig Schmidtpeter<br \/>Freier K\u00fcnstler<br \/>Saarb\u00fccken<br \/>1996-2001 Studium an der Hochschule der Bildenden K\u00fcnste Saar bei Ulrike Rosenbach und Tamas Waliczky<br \/>Ausgew\u00e4hlte Ausstellungen<br \/>2023 Jumbo Ree! Beitrag von lu-x &amp; DALL-E zur Mitgliederausstellung im Saarl\u00e4ndischen K\u00fcnstlerhaus, Saarbr\u00fccken\u00a0<\/p><p>2022 zu Gast im Progr, Bern\u00a0<\/p><p>2020 Letzte Lockerung, Mitgliederausstellung im Saarl\u00e4ndischen K\u00fcnstlerhaus, Saarbr\u00fccken\u00a0<\/p><p>2019 Balconia Export, Installation im Rahmen von Transposition 2, Tufa, Trier\u00a0<\/p><p>2019 Landpartie, Linoldrucke, Wiepersdorf Stipendiaten im Ministerium f\u00fcr Wissenschaft und Kultur, Potsdam\u00a0<\/p><p>2018 minimax, Installation, K\u00fcnstlerhaus Schloss Wiepersdorf 2017 Dao Pop up Store, Fotografie, zusammen mit Henrike Kreck, Garelly Haus, Saarbr\u00fccken\u00a0<\/p><p>2014 itrust.hk, Installation und Performance zusammen mit Tim Gr\u00fcnewald, Hong Kong Arts Walk<br \/>Ihr Dokumentarfilm Sacred Ground (2015) lief im Wettbewerb in zahlreichen Filmfestivals und gewann den Independent Spirit Award beim Idyllwild Festival of International Cinema.<\/p><p>\u00a0<\/p>\t\t\t\t\t\t\t\t<\/div>\n\t\t\t\t<\/div>\n\t\t\t\t\t<\/div>\n\t\t<\/div>\n\t\t\t\t\t<\/div>\n\t\t<\/section>\n\t\t\t\t<\/div>","protected":false},"excerpt":{"rendered":"<p>D A O &#8211; der Weg Japanische Kampfk\u00fcnste faszinieren Menschen auf der ganzen Welt.Jiu-Jitsu-Gro\u00dfmeister Rainer Grytt, Karate-Gro\u00dfmeister Horst Baumg\u00fcrtel, Kobudo-Gro\u00dfmeister Toshihisa Sofue und Gro\u00dfmeister Masahiko Futawatari demonstrieren ihre Kampfkunst auf h\u00f6chstem Niveau. Sie erkl\u00e4ren die Philosophie, die Werte und die Ideale, die ihrer Praxis zugrunde liegen.Das Budo-Shin-Dojo freut sich, einen faszinierenden ca. 90min\u00fctigen Dokumentarfilm anzuk\u00fcndigen, [&hellip;]<\/p>\n","protected":false},"author":2,"featured_media":0,"parent":0,"menu_order":0,"comment_status":"closed","ping_status":"closed","template":"elementor_header_footer","meta":{"ocean_post_layout":"","ocean_both_sidebars_style":"","ocean_both_sidebars_content_width":0,"ocean_both_sidebars_sidebars_width":0,"ocean_sidebar":"","ocean_second_sidebar":"","ocean_disable_margins":"enable","ocean_add_body_class":"","ocean_shortcode_before_top_bar":"","ocean_shortcode_after_top_bar":"","ocean_shortcode_before_header":"","ocean_shortcode_after_header":"","ocean_has_shortcode":"","ocean_shortcode_after_title":"","ocean_shortcode_before_footer_widgets":"","ocean_shortcode_after_footer_widgets":"","ocean_shortcode_before_footer_bottom":"","ocean_shortcode_after_footer_bottom":"","ocean_display_top_bar":"off","ocean_display_header":"default","ocean_header_style":"","ocean_center_header_left_menu":"","ocean_custom_header_template":"","ocean_custom_logo":0,"ocean_custom_retina_logo":0,"ocean_custom_logo_max_width":0,"ocean_custom_logo_tablet_max_width":0,"ocean_custom_logo_mobile_max_width":0,"ocean_custom_logo_max_height":0,"ocean_custom_logo_tablet_max_height":0,"ocean_custom_logo_mobile_max_height":0,"ocean_header_custom_menu":"","ocean_menu_typo_font_family":"","ocean_menu_typo_font_subset":"","ocean_menu_typo_font_size":0,"ocean_menu_typo_font_size_tablet":0,"ocean_menu_typo_font_size_mobile":0,"ocean_menu_typo_font_size_unit":"px","ocean_menu_typo_font_weight":"","ocean_menu_typo_font_weight_tablet":"","ocean_menu_typo_font_weight_mobile":"","ocean_menu_typo_transform":"","ocean_menu_typo_transform_tablet":"","ocean_menu_typo_transform_mobile":"","ocean_menu_typo_line_height":0,"ocean_menu_typo_line_height_tablet":0,"ocean_menu_typo_line_height_mobile":0,"ocean_menu_typo_line_height_unit":"","ocean_menu_typo_spacing":0,"ocean_menu_typo_spacing_tablet":0,"ocean_menu_typo_spacing_mobile":0,"ocean_menu_typo_spacing_unit":"","ocean_menu_link_color":"","ocean_menu_link_color_hover":"","ocean_menu_link_color_active":"","ocean_menu_link_background":"","ocean_menu_link_hover_background":"","ocean_menu_link_active_background":"","ocean_menu_social_links_bg":"","ocean_menu_social_hover_links_bg":"","ocean_menu_social_links_color":"","ocean_menu_social_hover_links_color":"","ocean_disable_title":"on","ocean_disable_heading":"default","ocean_post_title":"","ocean_post_subheading":"","ocean_post_title_style":"","ocean_post_title_background_color":"","ocean_post_title_background":0,"ocean_post_title_bg_image_position":"","ocean_post_title_bg_image_attachment":"","ocean_post_title_bg_image_repeat":"","ocean_post_title_bg_image_size":"","ocean_post_title_height":0,"ocean_post_title_bg_overlay":0.5,"ocean_post_title_bg_overlay_color":"","ocean_disable_breadcrumbs":"default","ocean_breadcrumbs_color":"","ocean_breadcrumbs_separator_color":"","ocean_breadcrumbs_links_color":"","ocean_breadcrumbs_links_hover_color":"","ocean_display_footer_widgets":"default","ocean_display_footer_bottom":"default","ocean_custom_footer_template":"","footnotes":""},"class_list":["post-2976","page","type-page","status-publish","hentry","entry"],"_links":{"self":[{"href":"https:\/\/rainergrytt.com\/en\/wp-json\/wp\/v2\/pages\/2976","targetHints":{"allow":["GET"]}}],"collection":[{"href":"https:\/\/rainergrytt.com\/en\/wp-json\/wp\/v2\/pages"}],"about":[{"href":"https:\/\/rainergrytt.com\/en\/wp-json\/wp\/v2\/types\/page"}],"author":[{"embeddable":true,"href":"https:\/\/rainergrytt.com\/en\/wp-json\/wp\/v2\/users\/2"}],"replies":[{"embeddable":true,"href":"https:\/\/rainergrytt.com\/en\/wp-json\/wp\/v2\/comments?post=2976"}],"version-history":[{"count":19,"href":"https:\/\/rainergrytt.com\/en\/wp-json\/wp\/v2\/pages\/2976\/revisions"}],"predecessor-version":[{"id":3129,"href":"https:\/\/rainergrytt.com\/en\/wp-json\/wp\/v2\/pages\/2976\/revisions\/3129"}],"wp:attachment":[{"href":"https:\/\/rainergrytt.com\/en\/wp-json\/wp\/v2\/media?parent=2976"}],"curies":[{"name":"wp","href":"https:\/\/api.w.org\/{rel}","templated":true}]}}